{"id":207,"date":"2018-08-22T23:22:50","date_gmt":"2018-08-22T23:22:50","guid":{"rendered":"http:\/\/www.dreamsfromthelord.com\/?page_id=207"},"modified":"2018-08-22T23:22:50","modified_gmt":"2018-08-22T23:22:50","slug":"lammets-bryllupsmaltid-kap-36-39","status":"publish","type":"page","link":"https:\/\/www.dreamsfromthelord.com\/index.php\/lammets-bryllupsmaltid-kap-36-39\/","title":{"rendered":"Lammets Bryllupsm\u00e5ltid: Kap. 36-39"},"content":{"rendered":"<h5><a id=\"tilbake\"><\/a>Kapittel 36-39<\/h5>\n<p style=\"text-align: left;\">\n<p style=\"text-align: left;\"><img loading=\"lazy\" decoding=\"async\" class=\"alignnone wp-image-165\" src=\"http:\/\/www.dreamsfromthelord.com\/wp-content\/uploads\/2018\/08\/norsk-flagg.png\" alt=\"\" width=\"17\" height=\"21\" \/>\u00a0 Marriage Supper of the Lamb &#8211; by Susan Davis,<br \/>\nOversatt til norsk:\u00a0Lammets Bryllupsm\u00e5ltid &#8211; Endetiden &#8211; Ord til denne siste Generasjon &#8211; Diktert til Susan Davis<br \/>\nProfetiske brev fra Jesus Kristus:<\/p>\n<p><a href=\"#kap36\">Kapittel 36:   MANGE SOM TROR DE ER KLARE LURER SEG SELV<\/a><\/p>\n<p><a href=\"#kap37\">Kapittel 37:   DU HAR SV\u00c6RT LITEN TID IGJEN<\/a><\/p>\n<p><a href=\"#kap38\">Kapittel 38:   MINE SANNE F\u00d8LGERE V\u00c5KER .. DE ER P\u00c5 VAKT<\/a><\/p>\n<p><a href=\"#kap39\">Kapittel 39:   MITT VITNEM\u00c5L: ANG\u00c5ENDE DETTE DOKUMENTET OG MIN FASTE<\/a><\/p>\n<p>&nbsp;<\/p>\n<p><a id=\"kap36\"><\/a><strong><span lang=\"nb-NO\">Kapittel 36:\u00a0 \u00a0 \u00a0 \u00a0 \u00a0 <a href=\"#tilbake\"><span style=\"color: red;\">(Tilbake)<\/span><\/a><br \/>\n<\/span><\/strong><\/p>\n<p><strong>MANGE SOM TROR DE ER KLARE LURER SEG SELV <\/strong><\/p>\n<p>La OSS begynne, MIN datter (4 mars 2012). F\u00f8lge n\u00f8ye med ettersom JEG gir deg nye Ord. MITT, barn, det er din HERRE. Vennligst skriv ned disse Ordene. Timen n\u00e6rmer seg for MIN Tilbakekomst, s\u00e5 mange f\u00f8lger fortsatt ikke med, s\u00e5 mange har skylapper for \u00f8ynene og nekter \u00e5 lytte og resonere. Timen for MIN Tilbakekomst kommer raskt. Du m\u00e5 v\u00e6re klar barn. Du m\u00e5 gj\u00f8re deg klar.<\/p>\n<p>V\u00e6r p\u00e5 vakt og f\u00f8lge med. Dette er essensielt for \u00e5 v\u00e6re forberedt. Bare de som f\u00f8lger med vil bli tatt. Bare de som bryr seg om \u00e5 vite om MIN Tilbakekomst kan bli gjort klar.<\/p>\n<p>De som ikke bryr seg og ikke innehar MIN \u00c5ND vil bli igjen for \u00e5 m\u00f8te det verste.<\/p>\n<p>Mange vil v\u00e6re overrasket over at de ble latt tilbake. Mange vil v\u00e6re sjokkert over at de ikke ble tatt, s\u00e5 mange som tror om seg selv at de er klar lurer seg selv. De er langt fra \u00e5 v\u00e6re klar. De er knyttet opp i verdslige ting i verden. De har tankene sine rettet p\u00e5 andre ting. De bryr seg ikke om \u00e5 v\u00e5ke over MIN Tilbakekomst. De er opptatt med seg selv og det verdslige i verden. De tilbringer ikke tid sammen med MEG. De ser ikke etter MEG.<\/p>\n<p>De latterliggj\u00f8r og forf\u00f8lger de som gj\u00f8r det, snart blir de klar over sin dumhet n\u00e5r de blir latt tilbake, trodde at de kjente MEG. De kjenner ikke MEG i det hele tatt. <\/p>\n<p>De innbiller seg at de kjenner MEG. Hjertet deres er langt fra MEG. De kommer aldri til MEG p\u00e5 det hemmelige stedet. De l\u00f8per til tingene i denne verden. \u00d8ynene deres er ikke interessert i \u00e5 se etter MEG. De elsker \u00e5 ta p\u00e5 og r\u00f8re ved tingene i verden. <\/p>\n<p>De planlegger langt inn i fremtiden. De legger planer som aldri vil g\u00e5 i oppfyllelse. De foresp\u00f8r aldri MEG n\u00e5r de planlegger, hvis de spurte MEG ville jeg fortelle dem \u00e5 fokusere p\u00e5 MEG, komme n\u00e6rt MEG, legge ned planene sine og overgi dem til MEG. Dette er hva jeg \u00f8nkser &#8230;. en full overgivelse, \u00e5 legge ned planene dine foran MINE F\u00f8tter, \u00e5 gi MEG alt av deg, selv livet ditt, og planene for fremtiden din. <\/p>\n<p>Bare JEG vet hva fremtiden bringer. Alle planene som alle legger kan falle i grus p\u00e5 et \u00f8yeblikk. Hvorfor ikke la MEG legge MINE Planer for livet ditt p\u00e5 plass? JEG vet hva som er best for deg, MINE barn. JEG kjenner begynnelsen og enden. JEG er ALPHA og OMEGA.<\/p>\n<p>\u00c5penbaringen 22:13 Jeg er ALFA og OMEGA, den F\u00d8RSTE og den SISTE, BEGYNNELSEN og ENDEN. <\/p>\n<p>JEG er SKAPEREN av solen, m\u00e5nen, og stjernene. Tror du ikke JEG kan ta vare p\u00e5 deg og dine fremtidige planer? JEG kan raskt f\u00f8re deg inn i MITT Konged\u00f8mme hvis du bare vil overgi livet ditt til MEG. JEG kan f\u00f8re deg til fred og sikkerhet; bringe deg ut med MEG til sikkerhet. Du kan leve i fred ved \u00e5 vite at MINE Planer for livet ditt er perfekt og JEG er sterk til \u00e5 frigj\u00f8re. <\/p>\n<p>Du kan ha denne sikkerheten hvis du er i MIN Perfekte Vilje for ditt liv. Du trenger ikke \u00e5 bekymre deg en dag til hvis du er i MIN Vilje. Slipp taket du har p\u00e5 egne planer og veier. De vil bare f\u00f8re deg til \u00f8delseggelse.<\/p>\n<p>Overgi ditt ALT til MEG og ta skrittet inn i MIN Vilje, MIN Perfekte Vilje. La DEN SOM kjenner begynnelsen til slutten ha omsorg for deg. JEG er din GUD Evindelige. JEG vil f\u00f8re deg inn i MITT Evigvarende Konged\u00f8mme. Det er ditt hvis du sp\u00f8r.<\/p>\n<p>\u00c5penbaringen 21:6 Og HAN sa til meg, Det er skjedd. JEG er ALFA og OMEGA, BEGYNNELSEN og ENDEN. Den som t\u00f8rster, vil jeg la drikke av kilden med livets vann fritt. <\/p>\n<p>Overgi, vend om, og gj\u00f8r MEG din egen. Bli kjent med MEG. JEG vil dele MITT Hjerte med deg. JEG lengter etter \u00e5 g\u00e5 sammen med deg; du vil aldri v\u00e6re alene. S\u00e5 tiden er n\u00e5 for overgivelse. Dette er timen. Dette er tiden. Velg fornuftig. <\/p>\n<p>Det er s\u00e5 mange veier. Bare en er den riktige, bare en er den rette.<\/p>\n<p>Bli kjent med MEG og JEG vil lede deg p\u00e5 den rette stien. Dette er MITT \u00d8nske, \u00e5 guide deg og lede deg.<\/p>\n<p>Hebreerne 12:13 La f\u00f8ttene g\u00e5 rett fram p\u00e5 veien, s\u00e5 det halte ikke g\u00e5r av ledd, men heller blir friskt igjen. <\/p>\n<p>Snart vil klokken sl\u00e5 midnatt. L\u00f8p inn i MINE Armer, Sikre Armer. La MEG frelse deg. Velg fort. Det gj\u00f8r MEG ulykkelig \u00e5 m\u00e5tte la noen bli tilbake, men valget er deres.<\/p>\n<p>Ikke n\u00f8le med \u00e5 motta MIN Kj\u00e6rlighet.<\/p>\n<p>YAHUSHUA GUD av Enest\u00e5ende Kj\u00e6rlighet<\/p>\n<p>1. Joh 4:16 Og vi har l\u00e6rt \u00e5 kjenne den kj\u00e6rligheten GUD har til oss, og vi har trodd p\u00e5 den. GUD er KJ\u00c6RLIGHET; og den som blir i KJ\u00c6RLIGHETEN, blir i GUD, og GUD i han. <\/p>\n<p><a id=\"kap37\"><\/a><strong><span lang=\"nb-NO\">Kapittel 37:\u00a0 \u00a0 \u00a0 \u00a0 \u00a0 <a href=\"#tilbake\"><span style=\"color: red;\">(Tilbake)<\/span><\/a><br \/>\n<\/span><\/strong><\/p>\n<p><strong>DU HAR SV\u00c6RT LITEN TID IGJEN <\/strong><\/p>\n<p>La OSS begynne. JEG vil gi deg flere Ord: Barn, det er JEG, din HERRE og JEG har Ord \u00e5 gi deg.<\/p>\n<p>Timen er sen. Det er lite lys igjen av dagen. Du trenger \u00e5 gj\u00f8re deg klar, v\u00e6re klar siden MITT Komme er n\u00e6rt. Det kommer n\u00e6rmere.<\/p>\n<p>Veldig f\u00e5 er klar og v\u00e5ker. F\u00e5 bryr seg om \u00e5 v\u00e6re klar. Mange velger \u00e5 ignorere MINE Advarsler. De fleste er likegyldige til hva som kommer. Denne timen n\u00e6rmer seg.<\/p>\n<p>JEG \u00f8nsker at du er \u00e5rv\u00e5ken og p\u00e5 t\u00e5 hev. Hvis du ikke er det, vil det komme overraskende p\u00e5 deg. Hvis du ikke v\u00e5ker, kan du ikke se hva som kommer. Bare de som v\u00e5ker vil v\u00e6re p\u00e5 vakt. Bare de som har forberedt seg vil se fordi de har v\u00e5ket.  Hvordan kan du v\u00e6re forberedt hvis du ikke v\u00e5ker? Bare de som er forberedt og klar er de som drar. Alle andre vil komme til kort med sine halv-fulle olje lamper.<\/p>\n<p>Matteus 25:7-10  Da v\u00e5knet alle brudepikene og gjorde lampene sine i stand. Men de uforstandige sa til de kloke: La oss f\u00e5 litt av oljen deres, for lampene v\u00e5re slokner. Nei, svarte de kloke, det blir ikke nok til b\u00e5de oss og dere: g\u00e5 heller til kj\u00f8pmannen og kj\u00f8p selv. Mens de var borte for \u00e5 kj\u00f8pe, kom brudgommen, og de som var ferdige gikk sammen med ham inn til bryllupet: og d\u00f8ren ble stengt. <\/p>\n<p>Dette er ikke tiden for \u00e5 slumre, MINE barn. Dette er ikke timen for \u00e5 sove. <\/p>\n<p>JEG kommer ikke for de som ikke engang vil holde seg v\u00e5ken lenge nok for \u00e5 se etter MEG. De som sover n\u00e5r JEG kommer vil v\u00e5kne til et levende mareritt over hva som kommer til jorden. For en trist tid for MIN sovende kirke.<\/p>\n<p>Hebreerne 9:28 Slik er ogs\u00e5 KRISTUS ofret en gang for \u00e5 ta bort manges synder, og siden skal HAN for annen gang komme til syne, ikke for syndens skyld, men for \u00e5 frelse dem som venter p\u00e5 HAM. <\/p>\n<p>MINE barn er i en dyp s\u00f8vn og hvis de ikke v\u00e5kner snart vil de finne seg selv i hendene til MIN fiende. Han er hensynsl\u00f8s og uten medf\u00f8lelse og bryr seg ikke om noen. Han har bare en ting i tankene: makt og kontroll. Han vil regjere med jernh\u00e5nd. Dette er en alvorlig time, og det er alvorlige ting som kommer til jorden. <\/p>\n<p>Kom til fornuft MINE barn. V\u00e5kne opp fra s\u00f8vnen, fjerne skylappene. Kom til MEG raskt. Du har sv\u00e6rt liten tid som gjenst\u00e5r. Du m\u00e5 l\u00f8pe til MEG hurtig. JEG \u00f8nsker \u00e5 redde deg fra det verste.<\/p>\n<p>Ikke bli sittende fast i stormen som kommer. Veldig f\u00e5 kommer ut med MEG n\u00e5r JEG flytter bruden. Veldig f\u00e5 har valgt \u00e5 v\u00e5ke for MEG og forberede seg selv ved \u00e5 vaskes i MITT Ord og reses i MITT Blod. Det finnes ingen andre svar. Det er ingen annen m\u00e5te. <\/p>\n<p>Efeseerne 5:25-27  Dere menn skal elske hustruene deres, slik KRISTUS elsket kirken og gav SEG SELV for den for \u00e5 hellige den og rense den med badet i vann i kraft av Ordet. Slik ville HAN stille den fram for SEG i herlighet, uten flekk eller lyte eller noe slikt; men at den skulle v\u00e6re hellig og feilfri. <\/p>\n<p>Overgi deg denne timen. JEG er klar for \u00e5 motta deg. JEG \u00f8nsker at du kommer til MEG og i sikkerhet. JEG vil dekke deg og beskytte deg fra grusomhetene som kommer. Redd deg selv og kom til MEG. JEG er den eneste utvei .. det finnes ikke noen annen. Overgi ditt hjerte og ditt liv til MEG i en full overgivelse. Du vil bli klargjort, klar ved Arbeidet til  MIN HELLIGE \u00c5ND. La HAN fylle deg og du vil se Sannheten, MIN Sannhet. <\/p>\n<p>JEG er klar til \u00e5 bringe deg til MITT Konged\u00f8mme. Kommer du? Dette er din HERRE YAHUSHUA. JEG er T\u00e5lmodig og Venter Lidende p\u00e5 at du skal bestemme deg. Velg for MEG og bli frelst!<\/p>\n<p><a id=\"kap38\"><\/a><strong><span lang=\"nb-NO\">Kapittel 38:\u00a0 \u00a0 \u00a0 \u00a0 \u00a0 <a href=\"#tilbake\"><span style=\"color: red;\">(Tilbake)<\/span><\/a><br \/>\n<\/span><\/strong><\/p>\n<p><strong>MINE SANNE F\u00d8LGERE V\u00c5KER .. DE ER P\u00c5 VAKT <\/strong><\/p>\n<p>Datter la OSS begynne. MIN datter, JEG er klar til \u00e5 gi deg nye ORD: Barn, det er din HERRE som snakker. Timen for MIN Tilbakekomst n\u00e6rmer seg og MINE barn sover, de er i dyp s\u00f8vn. De d\u00f8ser av totalt uvitende om hva som foreg\u00e5r rundt dem. De v\u00e5ker ikke engang. De er tydelig blinde og har ikke \u00f8ynene rettet p\u00e5 MEG. <\/p>\n<p>JEG vil komme som en tyv om natten. Mange er ikke p\u00e5 vakt. Sier ikke MITT Ord det er slik? Hvis dette er tilfelle, hvorfor overser s\u00e5 mange disse advarslene? Hvorfor nekter de \u00e5 v\u00e5ke og v\u00e6re oppmerksomme? JEG \u00f8nsker det beste og de gir meg sitt d\u00e5rligste.<\/p>\n<p>Hvis MINE barn fulgte MEG n\u00e6rt, vil de forst\u00e5 at de m\u00e5 v\u00e5ke, se, og vente p\u00e5 MEG. De ville v\u00e6re bevisst p\u00e5 verden rundt dem og hvordan verden h\u00f8ylytt avviser MEG fra alle fire hj\u00f8rner. <\/p>\n<p>MINE trofaste f\u00f8lgere v\u00e5ker. De er p\u00e5 vakt. De legger \u00f8ret mot bakken og lytter etter MINE Fot Trykk. De f\u00f8lger Alle MINE Bevegelser og de h\u00f8rer MIN Stemme.<\/p>\n<p>JEG kommer og det er ikke et mysterium for de som ser forventningsfullt etter MEG.  Disse barna er tolmodig, likevel engstelig. Dette er MIN sanne kirke, MIN brud. Hun er str\u00e5lende og hennes entusiasme for MIN Tilbakekomst ifangetar MEG. JEG elsker at hun er s\u00e5 ivrig mens hun venter p\u00e5 MEG. Dette er den JEG d\u00f8de for, MINE trofaste f\u00f8lgere som lar selvet d\u00f8 for MEG.<\/p>\n<p>Lukas 12:37  Lykkelig er de tjenere som HERREN finner v\u00e5kne n\u00e5r HAN kommer. Sannelig, jeg sier dere: HAN skal spenne beltet rundt om livet, la dem g\u00e5 til bords og SELV g\u00e5 fram og tjene dem. <\/p>\n<p>De legger ned livene sine foran MINE F\u00f8tter og vender seg bort fra verden og tingene av  verden for deres HERRE. For dette er JEG h\u00f8yst takknemlig og l\u00f8nnen vil aldri ta slutt for denne MIN vakre kirke. <\/p>\n<p>Du kan tilh\u00f8re denne kirke, MIN brud. Du kan bli klar til \u00e5 g\u00e5, n\u00e5r VI forlater sammen, til boligene i MITT himmelske som JEG har forberedt. Det er derimot sv\u00e6rt liten tid igjen, s\u00e5 v\u00e6r \u00e5rv\u00e5ken i din s\u00f8ken etter MEG.<\/p>\n<p>JEG ser etter en full overgivelse. JEG ber deg engasjere deg fullt ut. Legg livet ditt ned foran MEG i sin helhet uten \u00e5 holde noe tilbake. JEG \u00f8nsker hele livet ditt. JEG vil bytte det til nytt liv i MEG. JEG \u00f8nsker \u00e5 gi deg nytt liv. JEG \u00f8nsker \u00e5 vaske deg ren i MITT Blod; etablere deg i MITT Konged\u00f8mme; gi deg en plass blandt MINE barn som vil tjene MEG for evig; og styre og regjere for alltid sammen med MEG, ved MIN side. <\/p>\n<p>Dette er MIN brud. Hun er vakker, et forberedt folk som er klar, v\u00e5ker, venter p\u00e5 KONGEN sin. JEG kommer for \u00e5 redde disse barna, f\u00f8re dem ut til frihet og sikkerhet bort fra ondskapen som er i ferd med \u00e5 overvelde jorden. De er MINE seirende. Du kan v\u00e6re blandt dem. JEG venter p\u00e5 deg, MINE barn, \u00e5 delta i MIN Bryllups Fest, \u00e5 v\u00e6re en del av MITT Konged\u00f8mme. JEG holder av en plass til deg ved MITT Bryllups Nadverds Bord. Det er satt av et sete til deg, men du m\u00e5 komme og kreve det som ditt f\u00f8rst. <\/p>\n<p>JEG vil ikke holde d\u00f8ren \u00e5pen for alltid. Snart, vil JEG f\u00f8re MINE barn som er klar gjennom den sikre passasjen, veien, og s\u00e5 vil den lukke, forbli lukket, den som avviser MIN Invitasjon \u00e5 komme, blir igjen for \u00e5 m\u00f8te det verste. <\/p>\n<p>For en trist dag for de som avviser MITT Tilbud om en sikker redning. Det vil g\u00e5 opp for dem den dagen hva som har skjedd og hva de har g\u00e5tt glipp av vil v\u00e6re uutholdelig. Realiteten vil g\u00e5 opp for dem hva de har mistet og hva som venter dem. Det vil v\u00e6re voldsom anger. Det vil v\u00e6re mye gr\u00e5t og sorg n\u00e5r MIN lunkne kirke kommer til forst\u00e5else over sine triste valg ved \u00e5 avvise og overse MINE Mange Advarsler.<\/p>\n<p>Ja, deres tap vil v\u00e6re enormt og deres gremmelse stor. Barn, dette trenger ikke \u00e5 v\u00e6re deg. Du trenger ikke \u00e5 bli latt tilbake for \u00e5 m\u00f8te m\u00f8rket utfolde seg rundt om p\u00e5 jorden. Kom til MEG i en full overgivelse, full omvendelse, og tydelig anger over dine synder, og et oppriktig \u00f8nske om \u00e5 f\u00f8lge MEG med hele ditt hjerte. <\/p>\n<p>Dette er MITT Hjertes lengsel for deg \u00e5 komme tilbake til MEG. JEG er din FAR, din SKAPER. JEG lengter etter deg at du skal komme til MEG, s\u00e5 JEG kan gj\u00f8re deg MIN EGEN s\u00f8nn og datter. Dette er din sjanse til \u00e5 gj\u00f8re tingene rett med MEG. La OSS leve sammen for evigheten. JEG venter p\u00e5 din avgj\u00f8relse. <\/p>\n<p>JEG er din HERRE  JEG er din KONGE  JEG er din GUD JEHOVAH.<\/p>\n<p><a id=\"kap39\"><\/a><strong><span lang=\"nb-NO\">Kapittel 39:\u00a0 \u00a0 \u00a0 \u00a0 \u00a0 <a href=\"#tilbake\"><span style=\"color: red;\">(Tilbake)<\/span><\/a><br \/>\n<\/span><\/strong><\/p>\n<p><strong>MITT VITNEM\u00c5L: ANG\u00c5ENDE DETTE DOKUMENTET OG MIN FASTE<\/strong><\/p>\n<p>HERREN bad meg dra til et bortgjemt sted for \u00e5 be og gjennomf\u00f8re en 40-dagers faste p\u00e5 vann. Etter to uker, tok jeg nattverd hver dag, og litt senere tok jeg fire-fire oz glass med juce daglig. Denne fasten tror jeg er det vanskeligste jeg noen gang har utf\u00f8rt i livet mitt.<\/p>\n<p>HERREN f\u00f8rte meg til denne fasten for \u00e5 d\u00f8 til meg selv, noe jeg ogs\u00e5 gjorde. HAN gav meg ogs\u00e5 mange Ord som JEG trofast pr\u00f8vde \u00e5 skrive ned for andre \u00e5 lese.  Dette dokumentet var dikterte til meg av HERREN il\u00f8pet av dagene jeg fastet fra 27 januar  2012, til 6 mars 2012. (Vennligt ta hensyn til at mesteparten av de individuelle brevene diktert til meg av HERREN ble ikke individuelt datert fordi fasten var s\u00e5 vanskelig for meg, jeg unngikk \u00e5 fokusere p\u00e5 hvilken dato det var og hvor sakte fastetiden syntes \u00e5 g\u00e5.) Under denne fasten bad HERREN meg \u00e5 be om \u00abHIMMELSK BR\u00d8D\u00bb n\u00e5r jeg m\u00e5tte \u00f8nske for \u00e5 hjelpe meg med smertene fra sult. S\u00e5 jeg spurte etter det n\u00e5r det m\u00e5tte v\u00e6re at jeg f\u00f8lte sult smerter eller andre smerter assosiert til fastingen. Hver gang jeg bad om \u00abHIMMELSK BR\u00d8D\u00bb fra HERREN, forsvant smertene rett og slett.<\/p>\n<p>Det var utrolig og et mirakel. HERREN er det \u00abHIMMELSKE BR\u00d8D\u00bb (viser til nedenfor nevnte skriftsted).<\/p>\n<p>Omtrent halv-veis inn i fasten leste jeg en bok som fikk meg til virkelig \u00e5 sitte oppreist og f\u00f8lge med. Det handlet om en kvinne som ble vist himmelen og helvete. Hun kunne fortelle at i helvete var de som var der evindelig sulten og t\u00f8rste. Det var et avgj\u00f8rende \u00f8yeblikk for meg il\u00f8pet av denne fasten fordi jeg fastet bare fra mat i f\u00f8rti dager (og jeg var selvf\u00f8lgelig ikke t\u00f8rst, fordi jeg drakk vann il\u00f8pet av denne fasten) men jeg kunne ikke forestille meg \u00e5 tilbringe evigheten ved \u00e5 v\u00e6re sulten (n\u00e5r selv 40-dager var utrolig vanskelig) og t\u00f8rst, s\u00e5 jeg \u00f8nsker at alle andre m\u00e5 tenke over denne dype sannheten og seri\u00f8st overveie hvor evigheten skal tilbringes. <\/p>\n<p>Jeg takker HERREN for at han fikk meg gjennom denne f\u00f8rti-dagers fasten.<\/p>\n<p>Ang\u00e5ende disse Ordene som ble gitt til meg, brukte HERREN mange ord som jeg ikke engang visste meningen av og jeg m\u00e5tte s\u00f8ke dem opp og de var alltid det perfekte ordet. Jeg er ogs\u00e5 en som skriver og n\u00e5r jeg skriver noe som er s\u00e5 langt som dette 100-pluss siders dokumentet, hvis jeg hadde skrevet det selv, ville jeg v\u00e6rt n\u00f8dt til \u00e5 skrive det om mange ganger, forandre, slette, tilf\u00f8ye, og dette dokumentet ble aldri endret p\u00e5 eller forandret en eneste gang \u2013 jeg tok bokstavelig talt ned diktat fra HERREN slik det ble fortalt meg. Jeg skrev ned HERREN&#8217;s Ord i en journal og skrev det ned p\u00e5 nytt i sin fulle  helhet uten omskriving eller endring .. perfekt Engelsk. Til GUD v\u00e6re ALL \u00c6RE! Takk HERRE for din t\u00e5lmodighet med denne d\u00e5rlige kroppen, Susan Davis.<\/p>\n<p>JESUS ER Det HIMMELSKE BR\u00d8D:<\/p>\n<p>Joh 6:29-58:  <\/p>\n<p>29 Jesus svarte: \u00abDette er den gjerning Gud vil dere skal gj\u00f8re: Tro p\u00e5 ham som Gud har sendt.\u00bb 30 \u00abHvilket tegn gj\u00f8r du, s\u00e5 vi kan se det og tro p\u00e5 deg? Hva vil du gj\u00f8re?\u00bb spurte de. 31 \u00abV\u00e5re fedre spiste manna i \u00f8rkenen, slik det st\u00e5r skrevet: Br\u00f8d fra himmelen ga han dem \u00e5 spise.\u00bb 32 Jesus svarte: \u00abSannelig, sannelig, jeg sier dere: Moses ga dere ikke br\u00f8det fra himmelen. Det er min Far som gir dere det sanne br\u00f8det fra himmelen. 33 Guds br\u00f8d er det br\u00f8det som kommer ned fra himmelen og gir verden liv.\u00bb 34 Da sa de til ham: \u00abHerre, gi oss alltid dette br\u00f8det.\u00bb <\/p>\n<p>35 Jesus svarte: \u00abJeg er livets br\u00f8d. Den som kommer til meg, skal ikke hungre, og den som tror p\u00e5 meg, skal aldri t\u00f8rste. 36 Men jeg har sagt dere: Enda dere har sett meg, tror dere ikke. 37 Alle de som Far gir meg, kommer til meg, og den som kommer til meg, vil jeg aldri st\u00f8te bort. 38 For jeg er ikke kommet ned fra himmelen for \u00e5 gj\u00f8re det jeg selv vil, men det han vil, han som har sendt meg. 39 Og det han vil, han som har sendt meg, er at jeg ikke skal miste noen av alle dem han har gitt meg, men reise dem opp p\u00e5 den siste dag.40 For dette er min Fars vilje, at hver den som ser S\u00f8nnen og tror p\u00e5 ham, skal ha evig liv, og jeg skal reise ham opp p\u00e5 den siste dag.\u00bb  <\/p>\n<p>41 J\u00f8dene murret mot ham fordi han sa: \u00abJeg er br\u00f8det som er kommet ned fra himmelen.\u00bb 42 Og de spurte: \u00abEr ikke dette Jesus, Josefs s\u00f8nn? Vi kjenner jo b\u00e5de faren og moren hans. Hvordan kan han da si at han er kommet ned fra himmelen?\u00bb 43 Jesus svarte: \u00abHold opp med denne murringen! 44 Ingen kan komme til meg uten at Far som har sendt meg, drar ham, og jeg skal reise ham opp p\u00e5 den siste dag. <\/p>\n<p>45 Det st\u00e5r skrevet hos profetene: Alle skal v\u00e6re oppl\u00e6rt av Gud. Den som h\u00f8rer p\u00e5 Far og l\u00e6rer av ham, kommer til meg. 46 Men ingen har sett min Far. Bare han som er fra Gud, har sett Far. 47 Sannelig, sannelig, jeg sier dere: Den som tror, har evig liv.<\/p>\n<p>48 Jeg er livets br\u00f8d. 49 Fedrene deres spiste manna i \u00f8rkenen, men de d\u00f8de. 50 Det br\u00f8det som kommer ned fra himmelen, er slik at den som spiser av det, ikke d\u00f8r. 51 Jeg er det levende br\u00f8d som er kommet ned fra himmelen. Den som spiser av dette br\u00f8det, skal leve til evig tid. Og det br\u00f8det jeg vil gi, er min kropp, som jeg gir til liv for verden.\u00bb 52 N\u00e5 ble det en strid mellom j\u00f8dene, og de sa: \u00abHvordan kan han gi oss sin kropp \u00e5 spise?\u00bb 53 Jesus sa da til dem: \u00abSannelig, sannelig, jeg sier dere: Hvis dere ikke spiser Menneskes\u00f8nnens kropp og drikker hans blod, har dere ikke livet i dere. 54 Men den som spiser min kropp og drikker mitt blod, har evig liv, og jeg skal reise ham opp p\u00e5 den siste dag. 55 For min kropp er sann mat, og mitt blod er sann drikk. 56 Den som spiser min kropp og drikker mitt blod, blir i meg og jeg i ham. 57 Slik den levende Far har sendt meg og jeg lever ved ham, slik skal ogs\u00e5 den som spiser meg, leve ved meg. 58 Dette er det br\u00f8d som er kommet ned fra himmelen, ikke det som fedrene spiste, de som d\u00f8de. Den som spiser dette br\u00f8det, skal leve i all evighet.\u00bb<\/p>\n<p><strong><a href=\"#tilbake\"><span style=\"color: red;\">(Tilbake)<\/span><\/a><\/strong><\/p>\n","protected":false},"excerpt":{"rendered":"<p>Kapittel 36-39 \u00a0 Marriage Supper of the Lamb &#8211; by Susan Davis, Oversatt til norsk:\u00a0Lammets Bryllupsm\u00e5ltid &#8211; Endetiden &#8211; Ord til denne siste Generasjon &#8211; Diktert til Susan Davis Profetiske brev fra Jesus Kristus: Kapittel 36: MANGE SOM TROR DE ER KLARE LURER SEG SELV Kapittel 37: DU HAR SV\u00c6RT LITEN TID IGJEN Kapittel 38: [&hellip;]<\/p>\n","protected":false},"author":1,"featured_media":0,"parent":0,"menu_order":0,"comment_status":"closed","ping_status":"closed","template":"","meta":{"footnotes":""},"class_list":["post-207","page","type-page","status-publish","hentry"],"_links":{"self":[{"href":"https:\/\/www.dreamsfromthelord.com\/index.php\/wp-json\/wp\/v2\/pages\/207","targetHints":{"allow":["GET"]}}],"collection":[{"href":"https:\/\/www.dreamsfromthelord.com\/index.php\/wp-json\/wp\/v2\/pages"}],"about":[{"href":"https:\/\/www.dreamsfromthelord.com\/index.php\/wp-json\/wp\/v2\/types\/page"}],"author":[{"embeddable":true,"href":"https:\/\/www.dreamsfromthelord.com\/index.php\/wp-json\/wp\/v2\/users\/1"}],"replies":[{"embeddable":true,"href":"https:\/\/www.dreamsfromthelord.com\/index.php\/wp-json\/wp\/v2\/comments?post=207"}],"version-history":[{"count":0,"href":"https:\/\/www.dreamsfromthelord.com\/index.php\/wp-json\/wp\/v2\/pages\/207\/revisions"}],"wp:attachment":[{"href":"https:\/\/www.dreamsfromthelord.com\/index.php\/wp-json\/wp\/v2\/media?parent=207"}],"curies":[{"name":"wp","href":"https:\/\/api.w.org\/{rel}","templated":true}]}}