{"id":143,"date":"2018-08-22T20:27:50","date_gmt":"2018-08-22T20:27:50","guid":{"rendered":"http:\/\/www.dreamsfromthelord.com\/?page_id=143"},"modified":"2018-08-22T20:27:50","modified_gmt":"2018-08-22T20:27:50","slug":"marriage-supper-of-the-lamb-norwegian","status":"publish","type":"page","link":"https:\/\/www.dreamsfromthelord.com\/index.php\/marriage-supper-of-the-lamb-norwegian\/","title":{"rendered":"Marriage Supper of The Lamb in Norwegian"},"content":{"rendered":"<h1 style=\"text-align: left;\"><span style=\"color: #000000;\"><span style=\"font-size: large;\"><span lang=\"nb-NO\"><strong><em><img loading=\"lazy\" decoding=\"async\" class=\"alignnone size-full wp-image-165\" src=\"http:\/\/www.dreamsfromthelord.com\/wp-content\/uploads\/2018\/08\/norsk-flagg.png\" alt=\"\" width=\"44\" height=\"31\" \/><br \/>\n&#8220;Marriage Supper of the Lamb&#8221; by Susan Davis, translated to Norwegian by LB:<br \/>\n<\/em><\/strong><a href=\"https:\/\/www.bookrix.com\/_ebook-susan-davis-marriage-supper-of-the-lamb\/\" target=\"_blank\" rel=\"noopener noreferrer\">To read the book in English (open this link)<\/a><\/span><\/span><\/span><\/h1>\n<p><strong><em>Lammets Bryllupsm\u00e5ltid,<\/em> <\/strong><br \/>\nEndetiden, Meldinger til denne siste Generasjon,<br \/>\nDiktert til Susan Davis &#8211; Fra GUD&#8217;S Hjerte:<br \/>\n<span style=\"color: #000000;\"><span style=\"font-size: large;\"><span lang=\"nb-NO\">Oversatt til Norsk &#8211; av Lillian Bratteng &#8211; fra boken;<br \/>\n<strong><em>Marriage Supper of The Lamb<br \/>\nav Susan Davis<\/em><\/strong><\/span><\/span><\/span><\/p>\n<p><span style=\"color: red;\">INNLEDNING <span lang=\"nb-NO\">AV HERREN<\/span><\/span><\/p>\n<p><span style=\"color: red;\">MINE barn, dette <span lang=\"nb-NO\">er<\/span> din <span lang=\"nb-NO\">HERRE som <\/span>taler. <span lang=\"nb-NO\">JEG <\/span>kommer veldig snart. <span lang=\"nb-NO\">MITT<\/span> komme er n\u00e6r<span lang=\"nb-NO\">t forest\u00e5ende<\/span>, <span lang=\"nb-NO\">ved<\/span> d\u00f8ren. <span lang=\"nb-NO\">JEG <\/span>kommer! Du m\u00e5 gj\u00f8re <span lang=\"nb-NO\">deg <\/span>klar.<\/span><\/p>\n<p><span style=\"color: red;\">Denne journalen ble gjennomf\u00f8rt i l\u00f8pet av en 40-dagers faste av min datter Susan. Hun <span lang=\"nb-NO\">utf\u00f8rte <\/span>denne <span lang=\"nb-NO\">fasten <\/span>p\u00e5 min foresp\u00f8rsel. <span lang=\"nb-NO\">JEG <\/span>tok henne til et avsidesliggende sted, slik at hun <span lang=\"nb-NO\">kunne <\/span>d\u00f8 til seg selv. I l\u00f8pet av denne tiden, <span lang=\"nb-NO\">gav <\/span>jeg henne mange <span lang=\"nb-NO\">O<\/span>rd som jeg \u00f8nsket <span lang=\"nb-NO\">skulle <\/span>g\u00e5 ut til mine barn. S\u00e5 skrev hun <span lang=\"nb-NO\">MINE O<\/span>rd <span lang=\"nb-NO\">etter<\/span>som jeg <span lang=\"nb-NO\">ledet <\/span>henne. Alle disse <span lang=\"nb-NO\">Brevene <\/span>har viktig informasjon <span lang=\"nb-NO\">som <\/span>du trenger \u00e5 lese og vurdere, <span lang=\"nb-NO\">etter<\/span>som <span lang=\"nb-NO\">MITT <\/span>komme er n\u00e6r<span lang=\"nb-NO\">t<\/span>.<\/span><\/p>\n<p><span style=\"color: red;\">Dette er din <span lang=\"nb-NO\">HERRE og FRELSER, <\/span> YAHUSHUA (Jesus Kristus).<\/span><\/p>\n<p>INNHOLDSFORTEGNELSE;<\/p>\n<p><a href=\"http:\/\/www.dreamsfromthelord.com\/index.php\/msl-chapter-1-5\/\">01. Ydmykhet<\/a><\/p>\n<p><a href=\"http:\/\/www.dreamsfromthelord.com\/index.php\/msl-chapter-1-5\/\">02. Stol Ikke P\u00e5 Deg Selv Eller Andre<\/a><\/p>\n<p><a href=\"http:\/\/www.dreamsfromthelord.com\/index.php\/msl-chapter-1-5\/\">03. Trene P\u00e5 Ydmykhet<\/a><\/p>\n<p><a href=\"http:\/\/www.dreamsfromthelord.com\/index.php\/msl-chapter-1-5\/\">04. Stole P\u00e5 GUD<\/a><\/p>\n<p><a href=\"http:\/\/www.dreamsfromthelord.com\/index.php\/msl-chapter-1-5\/\">05. Tilgivelse<\/a><\/p>\n<p><a href=\"http:\/\/www.dreamsfromthelord.com\/index.php\/lammets-bryllupsmaltid-kapittel-6-10\/\">06. Leve I Verden, Men Ikke V\u00e6re \u00abAv Verden\u00bb<\/a><\/p>\n<p><a href=\"http:\/\/www.dreamsfromthelord.com\/index.php\/lammets-bryllupsmaltid-kapittel-6-10\/\">07. Opprykkelsen Og Lammets Bryllups-M\u00e5ltid<\/a><\/p>\n<p><a href=\"http:\/\/www.dreamsfromthelord.com\/index.php\/lammets-bryllupsmaltid-kapittel-6-10\/\">08. Forberedelse Til Opprykkelse<\/a><\/p>\n<p><a href=\"http:\/\/www.dreamsfromthelord.com\/index.php\/lammets-bryllupsmaltid-kapittel-6-10\/\">09. Den Tapte Kirke<\/a><\/p>\n<p><a href=\"http:\/\/www.dreamsfromthelord.com\/index.php\/lammets-bryllupsmaltid-kapittel-6-10\/\">10. Lyst For Verden<\/a><\/p>\n<p><a href=\"http:\/\/www.dreamsfromthelord.com\/index.php\/lammets-bryllupsmaltid-kapittel-11-15\/\">11. Verden Er P\u00e5 Vei Mot Problemer<\/a><\/p>\n<p><a href=\"http:\/\/www.dreamsfromthelord.com\/index.php\/lammets-bryllupsmaltid-kapittel-11-15\/\">12. MITT Snarlige Komme<\/a><\/p>\n<p><a href=\"http:\/\/www.dreamsfromthelord.com\/index.php\/lammets-bryllupsmaltid-kapittel-11-15\/\">13. Timen Haster MINE Barn<\/a><\/p>\n<p><a href=\"http:\/\/www.dreamsfromthelord.com\/index.php\/lammets-bryllupsmaltid-kapittel-11-15\/\">14. Verden Har Vendt Seg Mot MEG<\/a><\/p>\n<p><a href=\"http:\/\/www.dreamsfromthelord.com\/index.php\/lammets-bryllupsmaltid-kapittel-11-15\/\">15. Ledere F\u00f8lger Ikke MEG<\/a><\/p>\n<p><a href=\"http:\/\/www.dreamsfromthelord.com\/index.php\/lammets-bryllupsmaltid-kap-16-20\/\">16. Timen For MIN Tilbakekomst N\u00e6rmer Seg<\/a><\/p>\n<p><a href=\"http:\/\/www.dreamsfromthelord.com\/index.php\/lammets-bryllupsmaltid-kap-16-20\/\">17. Om Antikrist<\/a><\/p>\n<p><a href=\"http:\/\/www.dreamsfromthelord.com\/index.php\/lammets-bryllupsmaltid-kap-16-20\/\">18. Timen N\u00e6rmer Seg For MIN Snarlige Nedstigning<\/a><\/p>\n<p><a href=\"http:\/\/www.dreamsfromthelord.com\/index.php\/lammets-bryllupsmaltid-kap-16-20\/\">19. Gj\u00f8r Forberedelser<\/a><\/p>\n<p><a href=\"http:\/\/www.dreamsfromthelord.com\/index.php\/lammets-bryllupsmaltid-kap-16-20\/\">20. Din Tid Er Nesten Ute<\/a><\/p>\n<p><a href=\"http:\/\/www.dreamsfromthelord.com\/index.php\/lammets-bryllupsmaltid-kap-21-25\/\">21. Utenfor MIN Vilje Er Du MIN Motstander<\/a><\/p>\n<p><a href=\"http:\/\/www.dreamsfromthelord.com\/index.php\/lammets-bryllupsmaltid-kap-21-25\/\">22. Ondskap Kommer For \u00c5 \u00d8delegge Verden<\/a><\/p>\n<p><a href=\"http:\/\/www.dreamsfromthelord.com\/index.php\/lammets-bryllupsmaltid-kap-21-25\/\">23. Klokken Er I Ferd Med \u00c5 Sl\u00e5 Midnatt<\/a><\/p>\n<p><a href=\"http:\/\/www.dreamsfromthelord.com\/index.php\/lammets-bryllupsmaltid-kap-21-25\/\">24. Slutt \u00c5 Sloss Med Hverandre<\/a><\/p>\n<p><a href=\"http:\/\/www.dreamsfromthelord.com\/index.php\/lammets-bryllupsmaltid-kap-21-25\/\">25. JEG Vil Ikke Ta Deg Hvis Du Har Uomvendt Synd<\/a><\/p>\n<p><a href=\"http:\/\/www.dreamsfromthelord.com\/index.php\/lammets-bryllupsmaltid-kap-26-30\/\">26. Hold Fokus P\u00e5 MEG<\/a><\/p>\n<p><a href=\"http:\/\/www.dreamsfromthelord.com\/index.php\/lammets-bryllupsmaltid-kap-26-30\/\">27. Du M\u00e5 Gj\u00f8res Klar Hvis Du Vil Komme Til MEG<\/a><\/p>\n<p><a href=\"http:\/\/www.dreamsfromthelord.com\/index.php\/lammets-bryllupsmaltid-kap-26-30\/\">28. Evigheten Din St\u00e5r P\u00e5 Spill<\/a><\/p>\n<p><a href=\"http:\/\/www.dreamsfromthelord.com\/index.php\/lammets-bryllupsmaltid-kap-26-30\/\">29. Du M\u00e5 L\u00f8pe, Ikke G\u00e5 Til MEG N\u00e5<\/a><\/p>\n<p><a href=\"http:\/\/www.dreamsfromthelord.com\/index.php\/lammets-bryllupsmaltid-kap-26-30\/\">30. MIN Brud Er Nydelig P\u00e5 Alle M\u00e5ter<\/a><\/p>\n<p><a href=\"http:\/\/www.dreamsfromthelord.com\/index.php\/lammets-bryllupsmaltid-kap-31-35\/\">31. Veldig F\u00e5 Tilber MEG og Vender Om Til MEG<\/a><\/p>\n<p><a href=\"http:\/\/www.dreamsfromthelord.com\/index.php\/lammets-bryllupsmaltid-kap-31-35\/\">32. JEG Er I Ferd Med \u00c5 Fjerne MIN Brud i Sikkerhet<\/a><\/p>\n<p><a href=\"http:\/\/www.dreamsfromthelord.com\/index.php\/lammets-bryllupsmaltid-kap-31-35\/\">33. JEG Vil Ha F\u00f8rsteplass, Eller Ingen Plass<\/a><\/p>\n<p><a href=\"http:\/\/www.dreamsfromthelord.com\/index.php\/lammets-bryllupsmaltid-kap-31-35\/\">34. Trengselstiden Kommer .. Stor Trengsel<\/a><\/p>\n<p><a href=\"http:\/\/www.dreamsfromthelord.com\/index.php\/lammets-bryllupsmaltid-kap-31-35\/\">35. Det Er Absolutt Ingen Fordeler Ved \u00c5 Jage Etter En D\u00f8ende Verden<\/a><\/p>\n<p><a href=\"http:\/\/www.dreamsfromthelord.com\/index.php\/lammets-bryllupsmaltid-kap-36-39\/\">36. Mange Som Tror De Er Klare Lurer Seg Selv<\/a><\/p>\n<p><a href=\"http:\/\/www.dreamsfromthelord.com\/index.php\/lammets-bryllupsmaltid-kap-36-39\/\">37. Du Har Sv\u00e6rt Liten Tid Igjen<\/a><\/p>\n<p><a href=\"http:\/\/www.dreamsfromthelord.com\/index.php\/lammets-bryllupsmaltid-kap-36-39\/\">38. Mine Sanne F\u00f8lgere V\u00e5ker .. De Er P\u00e5 Vakt<\/a><\/p>\n<p><a href=\"http:\/\/www.dreamsfromthelord.com\/index.php\/lammets-bryllupsmaltid-kap-36-39\/\">39. Susan Davis Vitnem\u00e5l; Ang\u00e5ende dette Dokumentet og Min Faste<\/a><\/p>\n<p>&#8212;oOo&#8212;<\/p>\n<p><span lang=\"nb-NO\">NOTAT <\/span>FRA FORFATTEREN; \u00ab<span lang=\"nb-NO\">MARRIAGE SUPPER OF THE LAMB\u00bb<\/span><\/p>\n<p>Denne boken ble ikke opprettet for <span lang=\"nb-NO\">\u00f8konomisk vinning, <\/span>men i den hensikt \u00e5 n\u00e5 <span lang=\"nb-NO\">flere mennesker gjennom denne utgivelsen. <\/span>Men <span lang=\"nb-NO\">absolutt ikke for \u00e5 tjene penger ved \u00e5 bruke disse profetiske Ordene fra HERREN. <\/span>Listeprisen p\u00e5 denne boken ble satt til <span lang=\"nb-NO\">kun <\/span>\u00e5 dekke utskriftskostnader, og royalty som g\u00e5r til forfatteren er n\u00e6r null. (Det kan v\u00e6re noen f\u00e5 cent per bok p\u00e5 grunn av varierende utskriftskostnad<span lang=\"nb-NO\">er<\/span>. <span lang=\"nb-NO\">Alt gjenv\u00e6rende over null blir brukt til \u00e5 kj\u00f8pe nye b\u00f8ker som gis bort gratis.<\/span>) Disse meldingene er s\u00e5 presserende og viktig at vi \u00f8nsker \u00e5 sikre at prisen p\u00e5 boken ikke <span lang=\"nb-NO\">ville <\/span>v\u00e6re til hinder for folk \u00e5 <span lang=\"nb-NO\">motta <\/span>disse meldingene.<\/p>\n<p><span lang=\"nb-NO\">ANG\u00c5ENDE DISSE PROFETIER <\/span><\/p>\n<p>Susan <span lang=\"nb-NO\">Davis <\/span>opererer i profetisk gave. I 1 Kor 14: 1 <span lang=\"nb-NO\">st\u00e5r det;<\/span> &#8220;<span lang=\"nb-NO\">Jag etter kj\u00e6rligheten, strev etter \u00e5ndsgavene, mest etter \u00e5 tale profetisk.<\/span>&#8221; <span lang=\"nb-NO\">N\u00e5r vi lever forventes det at vi skal v\u00e6re <\/span>lydig<span lang=\"nb-NO\">e<\/span> mot <span lang=\"en-US\">Gud&#8217;s<\/span> veiledning i Det nye testamente. Selv om noen mener at \u00e5ndelige gaver, for eksempel profetier, <span lang=\"nb-NO\">er slutt p\u00e5, dette er menneskers tankegang og ikke <\/span><span lang=\"en-US\">Gud&#8217;s<\/span><span lang=\"nb-NO\">. <\/span>Gud har ikke forandret sin pakt. Vi lever fortsatt i <span lang=\"nb-NO\">tiden <\/span>med den nye pakt .. som ogs\u00e5 kalles Det nye testamente. Vennligst forst\u00e5 at din f\u00f8rste forpliktelse b\u00f8r v\u00e6re <span lang=\"nb-NO\">\u00e5 f\u00f8lge <\/span>Herren Jesus Kristus og Hans Ord som er skrevet i Bibelen .. spesielt det nye testamente.<\/p>\n<p>Som alltid, trenger all profeti \u00e5 bli testet mot Bibelen. <span lang=\"nb-NO\">Derimot, hvis profetiene stemmer overens <\/span>med Bibelen s\u00e5 vi er forventet \u00e5 adlyde det. <span lang=\"nb-NO\">P\u00e5 n\u00e5v\u00e6rende tidspunkt bruker ikke <\/span>Gud <span lang=\"nb-NO\">p<\/span>rofetiene til \u00e5 introdusere nye doktriner. De brukes til \u00e5 forsterke det Gud allerede har gitt oss i Bibelen. Gud bruker dem ogs\u00e5 til \u00e5 gi oss enkelte advarsler om fremtidige hendelser som vil p\u00e5virke oss.<\/p>\n<p>Akkurat som i det gamle testamentet, bruker Gud profeter i nytestamentlig tid som vi er inne i. Apostlenes gjerninger, som er i Det nye testamente, nevner noen av de profeter som Judas og Silas (Apg 15:32) og Agabus (Apg 21:21), og det var andre. <span lang=\"nb-NO\">Ministrerende <\/span> profeter er ogs\u00e5 nevnt i nytestamentlig tid i 1. Korinterbrev 12:28, 14: 1, 29, 32, 37 samt i Efeserne 2: 20, 3: 5, 4: 11.<\/p>\n<p>Jesus velger profeter til \u00e5 jobbe for ham p\u00e5 jorden. Blant annet bruker Jesus profetier og profeter til \u00e5 kommunisere sine \u00f8nsker til sine barn. Bibelen selv ble skrevet profetisk gjennom inspirasjon av Den Hellige \u00c5nd.<\/p>\n<p>Noen sier <span lang=\"nb-NO\">at profetiske ord <\/span>st\u00e5r i fare for \u00e5 legge til Bibelen eller \u00e5 ta fra de<span lang=\"nb-NO\">n<\/span> &#8211; vel Bibelen taler <span lang=\"nb-NO\">om at profetisk tale er e<\/span>n gave fra Den Hellige \u00c5nd. <span lang=\"nb-NO\">Det blir ikke lagt til eller trukket fra Bibelen, <\/span>gjennom ytterligere <span lang=\"nb-NO\">profetiske ord <\/span>mottatt av folket som den Hellige \u00c5nd gir ord til, men ved endring av Guds <span lang=\"nb-NO\">konsept <\/span>for \u00e5 legge til nye ubibelsk<span lang=\"nb-NO\">e<\/span> <span lang=\"nb-NO\">begreper <\/span>fra andre hedenske tro<span lang=\"nb-NO\">-systemer<\/span> for eksempel. Men <span lang=\"nb-NO\">den prim\u00e6re oppgaven til <\/span>profetene i Bibelen har alltid v\u00e6rt \u00e5 fokusere folk tilbake til <span lang=\"en-US\">GUD&#8217;S<\/span><span lang=\"nb-NO\"> ORD, BIBELEN. <\/span><\/p>\n<p>Som det st\u00e5r i 1 Tess 5: 19-21: \u00ab<span lang=\"nb-NO\">Slokk ikke \u00c5ndens ild, forakt ikke profetord, men pr\u00f8v alt og hold fast p\u00e5 det gode. <\/span>..&#8221; Og m\u00e5ten \u00e5 teste meldingene <span lang=\"nb-NO\">p\u00e5 <\/span>er <span lang=\"nb-NO\">\u00e5 se om det samsvarer med hva <\/span>Bibelen sier.<\/p>\n<p>I alle profetiene nedenfor <span lang=\"nb-NO\">har <\/span>jeg personlig (Mike Peralta \u2013 <span lang=\"nb-NO\">Tilrettelegger av Boken) testet disse <\/span>meldingene, og de er alle <span lang=\"nb-NO\">i overensstemmelse med <\/span>hva Bibelen sier. Men du m\u00e5 ogs\u00e5 teste disse meldingene, selv, <span lang=\"nb-NO\">mot<\/span> Bibelen. Og hvis de er i samsvar med Bibelen, da <span lang=\"nb-NO\">forventer <\/span>Gud at du vil ta dem til hjertet og adlyde hans <span lang=\"nb-NO\">instrukser<\/span>.<\/p>\n<p>&#8212;oOo&#8212;<\/p>\n<p>* Alle <span lang=\"nb-NO\">inkluderte <\/span>skrifter kommer fra King James Version <span lang=\"nb-NO\">Bible (gjelder for engelsk tekst). <\/span><\/p>\n<p>Disse ordene ble diktert av <span lang=\"nb-NO\">GUD FADEREN og HANS S\u00d8NN, <\/span>YAHUSHUA HA MASHIACH [Jesus Kristus eller Jesus den salvede eller Jesus Messias] til Susan <span lang=\"nb-NO\">il\u00f8pet av en <\/span>f\u00f8rti dagers faste registrert mellom 27. januar 2012 <span lang=\"nb-NO\">til<\/span> 6. mars 2012.<\/p>\n<p><span lang=\"nb-NO\">&#8212;oOo&#8212;<\/span><\/p>\n<p><span lang=\"nb-NO\">(I den norske oversettelsen er bibeltekstene hentet fra Den Hellige Skrift BIBELEN, Det Norske Bibelselskap 1978, og fra online bibelen.no. I enkelte vers fra Salmenes bok er versene i noen tilfeller splittet opp annerledes, og kan variere i nummer rekken, sammenlignet med King James Version Bible). <\/span><\/p>\n","protected":false},"excerpt":{"rendered":"<p>&#8220;Marriage Supper of the Lamb&#8221; by Susan Davis, translated to Norwegian by LB: To read the book in English (open this link) Lammets Bryllupsm\u00e5ltid, Endetiden, Meldinger til denne siste Generasjon, Diktert til Susan Davis &#8211; Fra GUD&#8217;S Hjerte: Oversatt til Norsk &#8211; av Lillian Bratteng &#8211; fra boken; Marriage Supper of The Lamb av Susan [&hellip;]<\/p>\n","protected":false},"author":1,"featured_media":0,"parent":0,"menu_order":0,"comment_status":"closed","ping_status":"closed","template":"","meta":{"footnotes":""},"class_list":["post-143","page","type-page","status-publish","hentry"],"_links":{"self":[{"href":"https:\/\/www.dreamsfromthelord.com\/index.php\/wp-json\/wp\/v2\/pages\/143","targetHints":{"allow":["GET"]}}],"collection":[{"href":"https:\/\/www.dreamsfromthelord.com\/index.php\/wp-json\/wp\/v2\/pages"}],"about":[{"href":"https:\/\/www.dreamsfromthelord.com\/index.php\/wp-json\/wp\/v2\/types\/page"}],"author":[{"embeddable":true,"href":"https:\/\/www.dreamsfromthelord.com\/index.php\/wp-json\/wp\/v2\/users\/1"}],"replies":[{"embeddable":true,"href":"https:\/\/www.dreamsfromthelord.com\/index.php\/wp-json\/wp\/v2\/comments?post=143"}],"version-history":[{"count":0,"href":"https:\/\/www.dreamsfromthelord.com\/index.php\/wp-json\/wp\/v2\/pages\/143\/revisions"}],"wp:attachment":[{"href":"https:\/\/www.dreamsfromthelord.com\/index.php\/wp-json\/wp\/v2\/media?parent=143"}],"curies":[{"name":"wp","href":"https:\/\/api.w.org\/{rel}","templated":true}]}}